{"id":1167,"date":"2018-10-29T20:39:26","date_gmt":"2018-10-29T20:39:26","guid":{"rendered":"https:\/\/vetaurbana.com\/?page_id=1167"},"modified":"2018-10-29T20:39:26","modified_gmt":"2018-10-29T20:39:26","slug":"aviso-de-privacidad","status":"publish","type":"page","link":"https:\/\/vetaurbana.com\/es\/aviso-de-privacidad\/","title":{"rendered":"Aviso de privacidad"},"content":{"rendered":"<div class=\"wpb-content-wrapper\">[vc_row content_placement=\u00bbtop\u00bb thb_divider_position=\u00bbbottom\u00bb el_class=\u00bbalign-center\u00bb css=\u00bb.vc_custom_1535143843132{padding-top: 0px !important;padding-bottom: 30px !important;background-position: center !important;background-repeat: no-repeat !important;background-size: cover !important;}\u00bb][vc_column offset=\u00bbvc_col-lg-12 vc_col-md-10&#8243; css=\u00bb.vc_custom_1540845157604{padding-top: 40px !important;padding-right: 40px !important;padding-left: 40px !important;}\u00bb][vc_row_inner][vc_column_inner width=\u00bb1\/3&#8243; css=\u00bb.vc_custom_1535143814747{padding-right: 60px !important;}\u00bb][vc_empty_space height=\u00bb60px\u00bb][vc_custom_heading text=\u00bbaviso de<br \/>\nprivacidad\u00bb font_container=\u00bbtag:h3|font_size:40px|text_align:right|color:%2390826e|line_height:52px\u00bb google_fonts=\u00bbfont_family:Antic%20Didone%3Aregular|font_style:400%20regular%3A400%3Anormal\u00bb][\/vc_column_inner][vc_column_inner el_class=\u00bblineavertical\u00bb width=\u00bb2\/3&#8243; css=\u00bb.vc_custom_1535143505601{padding-right: 30px !important;padding-left: 60px !important;}\u00bb][vc_column_text css=\u00bb.vc_custom_1540845435031{padding-right: 100px !important;}\u00bb]\n<p class=\"p2\"><b>AVISO DE PRIVACIDAD <\/b><\/p>\n<p class=\"p2\"><b>Paola y Fernando Tremari D\u00edaz<\/b>, con domicilio en: Perif\u00e9rico Sur 4349, Local 29, Colonia Jardines en la Monta\u00f1a, Delegaci\u00f3n Tlalpan, en la ciudad de M\u00e9xico, C.P. 14210; proporciona servicios de venta de casas y departamentos y es responsable de recabar sus Datos Personales, as\u00ed como del uso que haga de ellos y de su resguardo. Su privacidad y confianza son muy importantes, es por ello que protegemos la informaci\u00f3n mediante los medios f\u00edsicos, electr\u00f3nicos y de procedimiento, a fin de impedir que terceros no autorizados accedan a \u00e9sta.<\/p>\n<p class=\"p2\">El presente <b>AVISO DE PRIVACIDAD <\/b>se da a conocer con apego a lo establecido en la LEY FEDERAL DE PROTECCI\u00d3N DE DATOS PERSONALES EN POSESI\u00d3N DE LOS PARTICULARES (LFPDPPP).<\/p>\n<p class=\"p2\"><b>DATOS PERSONALES QUE PUEDEN RECABARSE <\/b><\/p>\n<p class=\"p2\">Al requerir los servicios y productos de <b>Paola y Fernando Tremari D\u00edaz<\/b>, en cualquiera de las \u00e1reas que la conforman, usted acepta que se recabar\u00e1n los datos personales necesarios como parte del expediente comercial.<\/p>\n<p class=\"p2\">Podr\u00e1 recabar de manera enunciativa m\u00e1s no limitativa datos tales como:<\/p>\n<p class=\"p3\">&#8211; Nombre completo del Titular, del Representante Legal trat\u00e1ndose de personas morales, del Aval, tel\u00e9fonos tanto fijo de casa y celulares; correos electr\u00f3nicos, datos completos del domicilio de trabajo, empleo o negocio incluyendo tel\u00e9fonos y correos electr\u00f3nicos, ocupaci\u00f3n, puesto que desempe\u00f1a, horarios de trabajo, etc.<\/p>\n<p class=\"p3\">&#8211; Adem\u00e1s de los datos anteriores, se podr\u00e1 tambi\u00e9n pedir datos como referencias personales y datos complementarios de tipo econ\u00f3mico.<\/p>\n<p class=\"p2\">&#8211; Se podr\u00e1 recabar informaci\u00f3n necesaria para cumplir con las disposiciones legales aplicables de conformidad con la LEY DE EXTINCI\u00d3N DE DOMINIO y para el reporte de las Actividades Vulnerables supuestas en la LEY FEDERAL PARA LA PREVENCI\u00d3N E IDENTIFICACI\u00d3N DE OPERACIONES CON RESURSOS DE PROCEDENCIA IL\u00cdCITA.<\/p>\n<p class=\"p2\"><b>FINALIDADES DEL TRATAMIENTO DE SUS DATOS PERSONALES <\/b><\/p>\n<p class=\"p2\">Los datos personales mencionados en el apartado anterior, ser\u00e1n utilizados con fines administrativos, para informes, avisos o recados que necesiten ser notificados, para informar descuentos y\/o recargos en pagos, cargos, y en general como parte integral del expediente del Titular. Todos aquellos datos personales que el Titular ingrese o proporcione voluntariamente al Responsable, por cualquier medio, se sujetar\u00e1n a las pol\u00edticas internas.<\/p>\n<p class=\"p2\"><b>TRANSFERENCIA DE DATOS PERSONALES <\/b><\/p>\n<p class=\"p2\"><b>Paola y Fernando Tremari D\u00edaz<\/b>, podr\u00e1 retransmitir sus datos personales para la operaci\u00f3n y registro de los productos o servicios que hubiese contratado a terceros tales como<\/p>\n<p class=\"p2\">abogados, notar\u00edas y cualquier dependencia oficial en cumplimiento de cualquier disposici\u00f3n legal vigente o futura, as\u00ed como ofrecerle, en su caso, otros productos y servicios inmobiliarios.<\/p>\n<p class=\"p2\"><b>DERECHOS ARCO (Acceso, Rectificaci\u00f3n, Cancelaci\u00f3n y Oposici\u00f3n) <\/b><\/p>\n<p class=\"p2\">Todos sus datos personales son tratados de acuerdo a la legislaci\u00f3n aplicable y vigente en el pa\u00eds, por ello le informamos que Usted como cliente y titular de los datos personales, podr\u00e1 en todo momento ejercer los derechos <b>ARCO<\/b>, mismos que corresponden al derecho de acceder, rectificar y cancelar sus datos personales, as\u00ed como de oponerse al tratamiento de los mismos o revocar el consentimiento que para tal fin nos haya otorgado.<\/p>\n<p class=\"p2\">Se entender\u00e1 que usted est\u00e1 de acuerdo y consiente el tratamiento, obtenci\u00f3n, recopilaci\u00f3n y almacenamiento de sus datos personales que nos sean proporcionados para los fines anteriormente expuestos, al no manifestar oposici\u00f3n al presente aviso de privacidad.<\/p>\n[\/vc_column_text][\/vc_column_inner][\/vc_row_inner][\/vc_column][\/vc_row]\n<\/div>","protected":false},"excerpt":{"rendered":"<p>[vc_row content_placement=\u00bbtop\u00bb thb_divider_position=\u00bbbottom\u00bb el_class=\u00bbalign-center\u00bb css=\u00bb.vc_custom_1535143843132{padding-top: 0px !important;padding-bottom: 30px !important;background-position: center !important;background-repeat: no-repeat !important;background-size: cover !important;}\u00bb][vc_column offset=\u00bbvc_col-lg-12 vc_col-md-10&#8243; css=\u00bb.vc_custom_1540845157604{padding-top: 40px !important;padding-right: 40px !important;padding-left: 40px !important;}\u00bb][vc_row_inner][vc_column_inner width=\u00bb1\/3&#8243; css=\u00bb.vc_custom_1535143814747{padding-right: 60px !important;}\u00bb][vc_empty_space height=\u00bb60px\u00bb][vc_custom_heading text=\u00bbaviso de privacidad\u00bb font_container=\u00bbtag:h3|font_size:40px|text_align:right|color:%2390826e|line_height:52px\u00bb google_fonts=\u00bbfont_family:Antic%20Didone%3Aregular|font_style:400%20regular%3A400%3Anormal\u00bb][\/vc_column_inner][vc_column_inner el_class=\u00bblineavertical\u00bb width=\u00bb2\/3&#8243; css=\u00bb.vc_custom_1535143505601{padding-right: 30px !important;padding-left: 60px !important;}\u00bb][vc_column_text css=\u00bb.vc_custom_1540845435031{padding-right: 100px !important;}\u00bb] AVISO DE PRIVACIDAD Paola y Fernando Tremari D\u00edaz, con domicilio en:&hellip;<\/p>\n","protected":false},"author":2,"featured_media":0,"parent":0,"menu_order":0,"comment_status":"closed","ping_status":"closed","template":"","meta":{"footnotes":""},"_links":{"self":[{"href":"https:\/\/vetaurbana.com\/es\/wp-json\/wp\/v2\/pages\/1167"}],"collection":[{"href":"https:\/\/vetaurbana.com\/es\/wp-json\/wp\/v2\/pages"}],"about":[{"href":"https:\/\/vetaurbana.com\/es\/wp-json\/wp\/v2\/types\/page"}],"author":[{"embeddable":true,"href":"https:\/\/vetaurbana.com\/es\/wp-json\/wp\/v2\/users\/2"}],"replies":[{"embeddable":true,"href":"https:\/\/vetaurbana.com\/es\/wp-json\/wp\/v2\/comments?post=1167"}],"version-history":[{"count":2,"href":"https:\/\/vetaurbana.com\/es\/wp-json\/wp\/v2\/pages\/1167\/revisions"}],"predecessor-version":[{"id":1169,"href":"https:\/\/vetaurbana.com\/es\/wp-json\/wp\/v2\/pages\/1167\/revisions\/1169"}],"wp:attachment":[{"href":"https:\/\/vetaurbana.com\/es\/wp-json\/wp\/v2\/media?parent=1167"}],"curies":[{"name":"wp","href":"https:\/\/api.w.org\/{rel}","templated":true}]}}